{"id":3585,"date":"2019-05-31T17:27:46","date_gmt":"2019-05-31T20:27:46","guid":{"rendered":"http:\/\/192.168.200.48:5557\/?page_id=3585"},"modified":"2020-02-20T10:02:01","modified_gmt":"2020-02-20T13:02:01","slug":"concursos","status":"publish","type":"page","link":"https:\/\/www.epen.gov.ar\/index.php\/concursos\/","title":{"rendered":"Concursos"},"content":{"rendered":"<div class=\"fusion-fullwidth fullwidth-box fusion-builder-row-1 nonhundred-percent-fullwidth non-hundred-percent-height-scrolling\" style=\"--awb-border-radius-top-left:0px;--awb-border-radius-top-right:0px;--awb-border-radius-bottom-right:0px;--awb-border-radius-bottom-left:0px;--awb-padding-right:30px;--awb-padding-left:30px;--awb-margin-top:5%;--awb-flex-wrap:wrap;\" ><div class=\"fusion-builder-row fusion-row\"><div class=\"fusion-layout-column fusion_builder_column fusion-builder-column-0 fusion_builder_column_2_3 2_3 fusion-two-third fusion-column-first\" style=\"--awb-bg-size:cover;width:66.666666666667%;width:calc(66.666666666667% - ( ( 4% ) * 0.66666666666667 ) );margin-right: 4%;\"><div class=\"fusion-column-wrapper fusion-column-has-shadow fusion-flex-column-wrapper-legacy\"><div class=\"accordian fusion-accordian\" style=\"--awb-border-size:2px;--awb-icon-size:13px;--awb-content-font-size:14px;--awb-icon-alignment:left;--awb-hover-color:#ffffff;--awb-border-color:#cccccc;--awb-background-color:#ffffff;--awb-divider-color:#e0dede;--awb-divider-hover-color:#e0dede;--awb-icon-color:#ffffff;--awb-title-color:#333333;--awb-content-color:#000000;--awb-icon-box-color:#333333;--awb-toggle-hover-accent-color:#e10707;--awb-title-font-family:Verdana, Geneva, sans-serif;--awb-title-font-weight:400;--awb-title-font-style:normal;--awb-title-font-size:20px;--awb-content-font-family:Verdana, Geneva, sans-serif;--awb-content-font-style:normal;--awb-content-font-weight:400;\"><div class=\"panel-group fusion-toggle-icon-boxed\" id=\"accordion-3585-1\"><div class=\"fusion-panel panel-default panel-9625a0bc8decae94f fusion-toggle-no-divider fusion-toggle-boxed-mode\"><div class=\"panel-heading\"><h4 class=\"panel-title toggle\" id=\"toggle_9625a0bc8decae94f\"><a aria-expanded=\"false\" aria-controls=\"9625a0bc8decae94f\" role=\"button\" data-toggle=\"collapse\" data-parent=\"#accordion-3585-1\" data-target=\"#9625a0bc8decae94f\" href=\"#9625a0bc8decae94f\"><span class=\"fusion-toggle-icon-wrapper\" aria-hidden=\"true\"><i class=\"fa-fusion-box active-icon awb-icon-minus\" aria-hidden=\"true\"><\/i><i class=\"fa-fusion-box inactive-icon awb-icon-plus\" aria-hidden=\"true\"><\/i><\/span><span class=\"fusion-toggle-heading\">Concursos Internos <\/span><\/a><\/h4><\/div><div id=\"9625a0bc8decae94f\" class=\"panel-collapse collapse \" aria-labelledby=\"toggle_9625a0bc8decae94f\"><div class=\"panel-body toggle-content fusion-clearfix\">\n\n<\/div><\/div><\/div><div class=\"fusion-panel panel-default panel-1a8ba08df0143e664 fusion-toggle-no-divider fusion-toggle-boxed-mode\"><div class=\"panel-heading\"><h4 class=\"panel-title toggle\" id=\"toggle_1a8ba08df0143e664\"><a aria-expanded=\"false\" aria-controls=\"1a8ba08df0143e664\" role=\"button\" data-toggle=\"collapse\" data-parent=\"#accordion-3585-1\" data-target=\"#1a8ba08df0143e664\" href=\"#1a8ba08df0143e664\"><span class=\"fusion-toggle-icon-wrapper\" aria-hidden=\"true\"><i class=\"fa-fusion-box active-icon awb-icon-minus\" aria-hidden=\"true\"><\/i><i class=\"fa-fusion-box inactive-icon awb-icon-plus\" aria-hidden=\"true\"><\/i><\/span><span class=\"fusion-toggle-heading\">Concursos Externos<\/span><\/a><\/h4><\/div><div id=\"1a8ba08df0143e664\" class=\"panel-collapse collapse \" aria-labelledby=\"toggle_1a8ba08df0143e664\"><div class=\"panel-body toggle-content fusion-clearfix\">\n\n<\/div><\/div><\/div><\/div><\/div><div class=\"fusion-clearfix\"><\/div><\/div><\/div><div class=\"fusion-layout-column fusion_builder_column fusion-builder-column-1 fusion_builder_column_1_3 1_3 fusion-one-third fusion-column-last\" style=\"--awb-bg-size:cover;width:33.333333333333%;width:calc(33.333333333333% - ( ( 4% ) * 0.33333333333333 ) );\"><div class=\"fusion-column-wrapper fusion-column-has-shadow fusion-flex-column-wrapper-legacy\"><div class=\"fusion-text fusion-text-1\"><p class=\"formTitulo\" style=\"text-align: justify;\"><strong>Todas las incorporaciones de personal al Epen se hacen a trav\u00e9s de un r\u00e9gimen de concursos internos a la Administraci\u00f3n P\u00fablica.<\/strong><\/p>\n<p style=\"text-align: justify;\">La coordinaci\u00f3n de las b\u00fasquedas internas est\u00e1 a cargo de la Unidad de Recursos Humanos, y podr\u00e1n presentarse todas las personas que re\u00fanan los requisitos m\u00ednimos, que en cada caso se publicar\u00e1n, y que surgen del perfil y de la descripci\u00f3n del puesto al que aspiran.<\/p>\n<p style=\"text-align: justify;\"><strong>La inscripci\u00f3n se formalizar\u00e1 personalmente ante: <\/strong><strong>\u00c1rea Gesti\u00f3n Administrativa del Recurso Humano.<\/strong><br \/>\n<strong>Buenos Aires N\u00ba 283, 2\u00ba Piso &#8211; Neuqu\u00e9n Capital (8300)<\/strong><br \/>\n<strong>Tel\u00e9fono: (0299) &#8211; 445 6767.<\/strong><\/p>\n<p style=\"text-align: justify;\">Se prev\u00e9 10 (diez) d\u00edas h\u00e1biles desde el momento de la publicaci\u00f3n del concurso, para que los interesados a concursar puedan realizar consultas, retirar las bases y condiciones de cada concurso y efectuar la inscripci\u00f3n.<\/p>\n<p style=\"text-align: justify;\">Cumplido el per\u00edodo de inscripci\u00f3n, se procede al an\u00e1lisis curricular, del cual surgen las personas que re\u00fanen las condiciones para acceder a la etapa de las evaluaciones de conocimiento.<\/p>\n<p style=\"text-align: justify;\">Para m\u00e1s informaci\u00f3n dirigirse a:<\/p>\n<p style=\"text-align: justify;\"><strong>Unidad de Recursos Humanos EPEN<br \/>\n\u00c1rea Gesti\u00f3n Administrativa del Recurso Humano<br \/>\nBuenos Aires N\u00ba 283, 2\u00ba Piso<br \/>\nTel\u00e9fono: (0299) 445 6767<br \/>\n<\/strong><\/p>\n<p style=\"text-align: justify;\">Se reciben Curriculum Vitae para nuestra base de datos, en nuestras oficinas ubicadas en calle Buenos Aires N\u00ba 283 &#8211; 2\u00ba Piso de la Ciudad de Neuqu\u00e9n Capital. Es importante aclarar que el env\u00edo de los mismos NO implica la inscripci\u00f3n a ning\u00fan concurso, ya que las inscripciones se realizan en forma personal en las fechas que se publiquen en cada caso.<\/p>\n<\/div><div class=\"fusion-clearfix\"><\/div><\/div><\/div><\/div><\/div>\n","protected":false},"excerpt":{"rendered":"<p>no<\/p>\n","protected":false},"author":1,"featured_media":0,"parent":0,"menu_order":0,"comment_status":"closed","ping_status":"closed","template":"","meta":{"_exactmetrics_skip_tracking":false,"_exactmetrics_sitenote_active":false,"_exactmetrics_sitenote_note":"","_exactmetrics_sitenote_category":0,"footnotes":""},"class_list":["post-3585","page","type-page","status-publish","hentry"],"yoast_head":"<!-- This site is optimized with the Yoast SEO plugin v27.2 - https:\/\/yoast.com\/product\/yoast-seo-wordpress\/ -->\n<title>EPEN - Concursos<\/title>\n<meta name=\"robots\" content=\"index, follow, max-snippet:-1, max-image-preview:large, max-video-preview:-1\" \/>\n<link rel=\"canonical\" href=\"https:\/\/www.epen.gov.ar\/index.php\/concursos\/\" \/>\n<meta property=\"og:locale\" content=\"es_ES\" \/>\n<meta property=\"og:type\" content=\"article\" \/>\n<meta property=\"og:title\" content=\"EPEN - Concursos\" \/>\n<meta property=\"og:description\" content=\"no\" \/>\n<meta property=\"og:url\" content=\"https:\/\/www.epen.gov.ar\/index.php\/concursos\/\" \/>\n<meta property=\"og:site_name\" content=\"EPEN\" \/>\n<meta property=\"article:publisher\" content=\"https:\/\/www.facebook.com\/EPEN.Neuquen\" \/>\n<meta property=\"article:modified_time\" content=\"2020-02-20T13:02:01+00:00\" \/>\n<meta property=\"og:image\" content=\"https:\/\/www.epen.gov.ar\/wp-content\/uploads\/2024\/02\/Logo-EPEN.jpg\" \/>\n\t<meta property=\"og:image:width\" content=\"1200\" \/>\n\t<meta property=\"og:image:height\" content=\"675\" \/>\n\t<meta property=\"og:image:type\" content=\"image\/jpeg\" \/>\n<meta name=\"twitter:card\" content=\"summary_large_image\" \/>\n<meta name=\"twitter:site\" content=\"@EPEN_Informa\" \/>\n<meta name=\"twitter:label1\" content=\"Tiempo de lectura\" \/>\n\t<meta name=\"twitter:data1\" content=\"4 minutos\" \/>\n<script type=\"application\/ld+json\" class=\"yoast-schema-graph\">{\"@context\":\"https:\/\/schema.org\",\"@graph\":[{\"@type\":\"WebPage\",\"@id\":\"https:\/\/www.epen.gov.ar\/index.php\/concursos\/\",\"url\":\"https:\/\/www.epen.gov.ar\/index.php\/concursos\/\",\"name\":\"EPEN - Concursos\",\"isPartOf\":{\"@id\":\"https:\/\/www.epen.gov.ar\/#website\"},\"datePublished\":\"2019-05-31T20:27:46+00:00\",\"dateModified\":\"2020-02-20T13:02:01+00:00\",\"breadcrumb\":{\"@id\":\"https:\/\/www.epen.gov.ar\/index.php\/concursos\/#breadcrumb\"},\"inLanguage\":\"es\",\"potentialAction\":[{\"@type\":\"ReadAction\",\"target\":[\"https:\/\/www.epen.gov.ar\/index.php\/concursos\/\"]}]},{\"@type\":\"BreadcrumbList\",\"@id\":\"https:\/\/www.epen.gov.ar\/index.php\/concursos\/#breadcrumb\",\"itemListElement\":[{\"@type\":\"ListItem\",\"position\":1,\"name\":\"Inicio\",\"item\":\"https:\/\/www.epen.gov.ar\/\"},{\"@type\":\"ListItem\",\"position\":2,\"name\":\"Concursos\"}]},{\"@type\":\"WebSite\",\"@id\":\"https:\/\/www.epen.gov.ar\/#website\",\"url\":\"https:\/\/www.epen.gov.ar\/\",\"name\":\"EPEN\",\"description\":\"Ente Provincial de Energ\u00eda del Neuqu\u00e9n\",\"publisher\":{\"@id\":\"https:\/\/www.epen.gov.ar\/#organization\"},\"potentialAction\":[{\"@type\":\"SearchAction\",\"target\":{\"@type\":\"EntryPoint\",\"urlTemplate\":\"https:\/\/www.epen.gov.ar\/?s={search_term_string}\"},\"query-input\":{\"@type\":\"PropertyValueSpecification\",\"valueRequired\":true,\"valueName\":\"search_term_string\"}}],\"inLanguage\":\"es\"},{\"@type\":\"Organization\",\"@id\":\"https:\/\/www.epen.gov.ar\/#organization\",\"name\":\"Ente Provincial de Energ\u00eda del Neuqu\u00e9n\",\"url\":\"https:\/\/www.epen.gov.ar\/\",\"logo\":{\"@type\":\"ImageObject\",\"inLanguage\":\"es\",\"@id\":\"https:\/\/www.epen.gov.ar\/#\/schema\/logo\/image\/\",\"url\":\"https:\/\/www.epen.gov.ar\/wp-content\/uploads\/2024\/02\/Logo-EPEN-2.jpg\",\"contentUrl\":\"https:\/\/www.epen.gov.ar\/wp-content\/uploads\/2024\/02\/Logo-EPEN-2.jpg\",\"width\":696,\"height\":696,\"caption\":\"Ente Provincial de Energ\u00eda del Neuqu\u00e9n\"},\"image\":{\"@id\":\"https:\/\/www.epen.gov.ar\/#\/schema\/logo\/image\/\"},\"sameAs\":[\"https:\/\/www.facebook.com\/EPEN.Neuquen\",\"https:\/\/x.com\/EPEN_Informa\",\"https:\/\/www.youtube.com\/@epenprensa7384\"]}]}<\/script>\n<!-- \/ Yoast SEO plugin. -->","yoast_head_json":{"title":"EPEN - Concursos","robots":{"index":"index","follow":"follow","max-snippet":"max-snippet:-1","max-image-preview":"max-image-preview:large","max-video-preview":"max-video-preview:-1"},"canonical":"https:\/\/www.epen.gov.ar\/index.php\/concursos\/","og_locale":"es_ES","og_type":"article","og_title":"EPEN - Concursos","og_description":"no","og_url":"https:\/\/www.epen.gov.ar\/index.php\/concursos\/","og_site_name":"EPEN","article_publisher":"https:\/\/www.facebook.com\/EPEN.Neuquen","article_modified_time":"2020-02-20T13:02:01+00:00","og_image":[{"width":1200,"height":675,"url":"https:\/\/www.epen.gov.ar\/wp-content\/uploads\/2024\/02\/Logo-EPEN.jpg","type":"image\/jpeg"}],"twitter_card":"summary_large_image","twitter_site":"@EPEN_Informa","twitter_misc":{"Tiempo de lectura":"4 minutos"},"schema":{"@context":"https:\/\/schema.org","@graph":[{"@type":"WebPage","@id":"https:\/\/www.epen.gov.ar\/index.php\/concursos\/","url":"https:\/\/www.epen.gov.ar\/index.php\/concursos\/","name":"EPEN - Concursos","isPartOf":{"@id":"https:\/\/www.epen.gov.ar\/#website"},"datePublished":"2019-05-31T20:27:46+00:00","dateModified":"2020-02-20T13:02:01+00:00","breadcrumb":{"@id":"https:\/\/www.epen.gov.ar\/index.php\/concursos\/#breadcrumb"},"inLanguage":"es","potentialAction":[{"@type":"ReadAction","target":["https:\/\/www.epen.gov.ar\/index.php\/concursos\/"]}]},{"@type":"BreadcrumbList","@id":"https:\/\/www.epen.gov.ar\/index.php\/concursos\/#breadcrumb","itemListElement":[{"@type":"ListItem","position":1,"name":"Inicio","item":"https:\/\/www.epen.gov.ar\/"},{"@type":"ListItem","position":2,"name":"Concursos"}]},{"@type":"WebSite","@id":"https:\/\/www.epen.gov.ar\/#website","url":"https:\/\/www.epen.gov.ar\/","name":"EPEN","description":"Ente Provincial de Energ\u00eda del Neuqu\u00e9n","publisher":{"@id":"https:\/\/www.epen.gov.ar\/#organization"},"potentialAction":[{"@type":"SearchAction","target":{"@type":"EntryPoint","urlTemplate":"https:\/\/www.epen.gov.ar\/?s={search_term_string}"},"query-input":{"@type":"PropertyValueSpecification","valueRequired":true,"valueName":"search_term_string"}}],"inLanguage":"es"},{"@type":"Organization","@id":"https:\/\/www.epen.gov.ar\/#organization","name":"Ente Provincial de Energ\u00eda del Neuqu\u00e9n","url":"https:\/\/www.epen.gov.ar\/","logo":{"@type":"ImageObject","inLanguage":"es","@id":"https:\/\/www.epen.gov.ar\/#\/schema\/logo\/image\/","url":"https:\/\/www.epen.gov.ar\/wp-content\/uploads\/2024\/02\/Logo-EPEN-2.jpg","contentUrl":"https:\/\/www.epen.gov.ar\/wp-content\/uploads\/2024\/02\/Logo-EPEN-2.jpg","width":696,"height":696,"caption":"Ente Provincial de Energ\u00eda del Neuqu\u00e9n"},"image":{"@id":"https:\/\/www.epen.gov.ar\/#\/schema\/logo\/image\/"},"sameAs":["https:\/\/www.facebook.com\/EPEN.Neuquen","https:\/\/x.com\/EPEN_Informa","https:\/\/www.youtube.com\/@epenprensa7384"]}]}},"_links":{"self":[{"href":"https:\/\/www.epen.gov.ar\/index.php\/wp-json\/wp\/v2\/pages\/3585","targetHints":{"allow":["GET"]}}],"collection":[{"href":"https:\/\/www.epen.gov.ar\/index.php\/wp-json\/wp\/v2\/pages"}],"about":[{"href":"https:\/\/www.epen.gov.ar\/index.php\/wp-json\/wp\/v2\/types\/page"}],"author":[{"embeddable":true,"href":"https:\/\/www.epen.gov.ar\/index.php\/wp-json\/wp\/v2\/users\/1"}],"replies":[{"embeddable":true,"href":"https:\/\/www.epen.gov.ar\/index.php\/wp-json\/wp\/v2\/comments?post=3585"}],"version-history":[{"count":43,"href":"https:\/\/www.epen.gov.ar\/index.php\/wp-json\/wp\/v2\/pages\/3585\/revisions"}],"predecessor-version":[{"id":3823,"href":"https:\/\/www.epen.gov.ar\/index.php\/wp-json\/wp\/v2\/pages\/3585\/revisions\/3823"}],"wp:attachment":[{"href":"https:\/\/www.epen.gov.ar\/index.php\/wp-json\/wp\/v2\/media?parent=3585"}],"curies":[{"name":"wp","href":"https:\/\/api.w.org\/{rel}","templated":true}]}}