{"id":103216,"date":"2024-09-16T10:35:39","date_gmt":"2024-09-16T13:35:39","guid":{"rendered":"http:\/\/192.168.200.48\/?page_id=103216"},"modified":"2024-09-16T10:35:39","modified_gmt":"2024-09-16T13:35:39","slug":"dormitorio","status":"publish","type":"page","link":"https:\/\/www.epen.gov.ar\/index.php\/dormitorio\/","title":{"rendered":"Dormitorio"},"content":{"rendered":"<div class=\"fusion-fullwidth fullwidth-box fusion-builder-row-1 fusion-flex-container has-pattern-background has-mask-background nonhundred-percent-fullwidth non-hundred-percent-height-scrolling\" style=\"--awb-border-radius-top-left:0px;--awb-border-radius-top-right:0px;--awb-border-radius-bottom-right:0px;--awb-border-radius-bottom-left:0px;--awb-flex-wrap:wrap;\" ><div class=\"fusion-builder-row fusion-row fusion-flex-align-items-flex-start fusion-flex-content-wrap\" style=\"max-width:1393.6px;margin-left: calc(-4% \/ 2 );margin-right: calc(-4% \/ 2 );\"><div class=\"fusion-layout-column fusion_builder_column fusion-builder-column-0 fusion_builder_column_1_5 1_5 fusion-flex-column\" style=\"--awb-bg-size:cover;--awb-width-large:20%;--awb-margin-top-large:0px;--awb-spacing-right-large:9.6%;--awb-margin-bottom-large:20px;--awb-spacing-left-large:9.6%;--awb-width-medium:100%;--awb-order-medium:0;--awb-spacing-right-medium:1.92%;--awb-spacing-left-medium:1.92%;--awb-width-small:100%;--awb-order-small:0;--awb-spacing-right-small:1.92%;--awb-spacing-left-small:1.92%;\"><div class=\"fusion-column-wrapper fusion-column-has-shadow fusion-flex-justify-content-flex-start fusion-content-layout-column\"><\/div><\/div><div class=\"fusion-layout-column fusion_builder_column fusion-builder-column-1 fusion_builder_column_3_5 3_5 fusion-flex-column\" style=\"--awb-bg-size:cover;--awb-width-large:60%;--awb-margin-top-large:0px;--awb-spacing-right-large:3.2%;--awb-margin-bottom-large:20px;--awb-spacing-left-large:3.2%;--awb-width-medium:100%;--awb-order-medium:0;--awb-spacing-right-medium:1.92%;--awb-spacing-left-medium:1.92%;--awb-width-small:100%;--awb-order-small:0;--awb-spacing-right-small:1.92%;--awb-spacing-left-small:1.92%;\"><div class=\"fusion-column-wrapper fusion-column-has-shadow fusion-flex-justify-content-flex-start fusion-content-layout-column\"><div class=\"fusion-text fusion-text-1\"><p><center><img decoding=\"async\" class=\"\" src=\"https:\/\/www.argentina.gob.ar\/sites\/default\/files\/estufa_02.png\" alt=\"estufa\" width=\"238\" height=\"282\" \/><\/center>La Calefacci\u00f3n es el mayor consumo energ\u00e9tico en el hogar.<\/p>\n<h3>Caracter\u00edsticas Energ\u00e9ticas<\/h3>\n<p>Se recomienda recambiar los artefactos con m\u00e1s de 15 a\u00f1os. La tecnolog\u00eda de los artefactos ha evolucionado en los \u00faltimos a\u00f1os y estos consumen menos energ\u00eda que los anteriores.<\/p>\n<h3>Etiqueta El\u00e9ctrica<\/h3>\n<p>Los\u00a0<strong>artefactos el\u00e9ctricos<\/strong>\u00a0en calefacci\u00f3n, no cuentan con etiqueta. Se trata de caloventores, convectores, estufas hal\u00f3genas y paneles el\u00e9ctricos.<\/p>\n<p><img decoding=\"async\" src=\"https:\/\/www.argentina.gob.ar\/sites\/default\/files\/icon_tic.png\" \/><strong>\u00a0Etiqueta Gas<\/strong><\/p>\n<div class=\"pull-left\"><img decoding=\"async\" src=\"https:\/\/www.argentina.gob.ar\/sites\/default\/files\/etiqueta_00.png\" alt=\"etiqueta de eficiencia energ\u00e9tica\" \/><\/div>\n<p>Su etiquetado es obligatorio.<\/p>\n<div class=\"alert alert-info\">\n<div class=\"media\">\n<div class=\"media-left\"><\/div>\n<div class=\"media-body\">\n<h5><\/h5>\n<h3>Sab\u00edas que&#8230;<\/h3>\n<ul>\n<li>Bajar en 1\u00baC el termostato en invierno puede significar una disminuci\u00f3n en el consumo energ\u00e9tico en calefacci\u00f3n del 10 al 20%(1) dependiendo del tipo de clima del pa\u00eds?(1) Fuente: S. Gil: \u00abHoja de Ruta &#8211; Hacia un Uso Sustentable de la Energ\u00eda\u00bb &#8211; ENARGAS<\/li>\n<\/ul>\n<\/div>\n<\/div>\n<\/div>\n<h3>Consejos Pr\u00e1cticos<\/h3>\n<ul>\n<li>Una temperatura de\u00a0<strong>20\u00b0C<\/strong>, en la mayor parte de las zonas clim\u00e1ticas del pa\u00eds, es suficiente para mantener el ambiente en condiciones confortables en\u00a0<strong>invierno<\/strong>.<\/li>\n<li>Recomendamos calefaccionar s\u00f3lo los ambientes que estemos utilizando.<\/li>\n<li><strong>Limpiar<\/strong>\u00a0y hacer el mantenimiento de los sistemas de calefacci\u00f3n no solo reduce el consumo de energ\u00eda sino adem\u00e1s extiende su vida \u00fatil. Si la\u00a0<strong>llama<\/strong>\u00a0es\u00a0<strong>amarilla<\/strong>\u00a0o\u00a0<strong>roja<\/strong>\u00a0y crepita (intermitente), la limpieza es\u00a0<strong>obligatoria<\/strong>.<\/li>\n<li>Es suficiente\u00a0<strong>abrir<\/strong>\u00a0las ventanas entre unos\u00a0<strong>5 a 10<\/strong>\u00a0minutos para\u00a0<strong>renovar<\/strong>\u00a0el\u00a0<strong>aire<\/strong>\u00a0de los ambientes del hogar.<\/li>\n<li><strong>Cerrar<\/strong>\u00a0las cortinas y persianas por la\u00a0<strong>noche<\/strong>\u00a0evitar\u00e1 importantes p\u00e9rdidas de calor.<\/li>\n<li>Algunos\u00a0<strong>termostatos<\/strong>\u00a0se pueden programar de manera de bajar la temperatura a la hora de acostarse o cuando no est\u00e9s en tu casa. A su vez, permiten setear la temperatura de confort.<\/li>\n<\/ul>\n<\/div><\/div><\/div><div class=\"fusion-layout-column fusion_builder_column fusion-builder-column-2 fusion_builder_column_1_5 1_5 fusion-flex-column\" style=\"--awb-bg-size:cover;--awb-width-large:20%;--awb-margin-top-large:0px;--awb-spacing-right-large:9.6%;--awb-margin-bottom-large:20px;--awb-spacing-left-large:9.6%;--awb-width-medium:100%;--awb-order-medium:0;--awb-spacing-right-medium:1.92%;--awb-spacing-left-medium:1.92%;--awb-width-small:100%;--awb-order-small:0;--awb-spacing-right-small:1.92%;--awb-spacing-left-small:1.92%;\"><div class=\"fusion-column-wrapper fusion-column-has-shadow fusion-flex-justify-content-flex-start fusion-content-layout-column\"><\/div><\/div><\/div><\/div>\n","protected":false},"excerpt":{"rendered":"","protected":false},"author":1,"featured_media":0,"parent":0,"menu_order":0,"comment_status":"closed","ping_status":"closed","template":"","meta":{"_exactmetrics_skip_tracking":false,"_exactmetrics_sitenote_active":false,"_exactmetrics_sitenote_note":"","_exactmetrics_sitenote_category":0,"footnotes":""},"class_list":["post-103216","page","type-page","status-publish","hentry"],"yoast_head":"<!-- This site is optimized with the Yoast SEO plugin v27.2 - https:\/\/yoast.com\/product\/yoast-seo-wordpress\/ -->\n<title>EPEN - Dormitorio<\/title>\n<meta name=\"robots\" content=\"index, follow, max-snippet:-1, max-image-preview:large, max-video-preview:-1\" \/>\n<link rel=\"canonical\" href=\"https:\/\/www.epen.gov.ar\/index.php\/dormitorio\/\" \/>\n<meta property=\"og:locale\" content=\"es_ES\" \/>\n<meta property=\"og:type\" content=\"article\" \/>\n<meta property=\"og:title\" content=\"EPEN - Dormitorio\" \/>\n<meta property=\"og:url\" content=\"https:\/\/www.epen.gov.ar\/index.php\/dormitorio\/\" \/>\n<meta property=\"og:site_name\" content=\"EPEN\" \/>\n<meta property=\"article:publisher\" content=\"https:\/\/www.facebook.com\/EPEN.Neuquen\" \/>\n<meta property=\"og:image\" content=\"https:\/\/www.argentina.gob.ar\/sites\/default\/files\/estufa_02.png\" \/>\n<meta name=\"twitter:card\" content=\"summary_large_image\" \/>\n<meta name=\"twitter:site\" content=\"@EPEN_Informa\" \/>\n<meta name=\"twitter:label1\" content=\"Tiempo de lectura\" \/>\n\t<meta name=\"twitter:data1\" content=\"10 minutos\" \/>\n<script type=\"application\/ld+json\" class=\"yoast-schema-graph\">{\"@context\":\"https:\/\/schema.org\",\"@graph\":[{\"@type\":\"WebPage\",\"@id\":\"https:\/\/www.epen.gov.ar\/index.php\/dormitorio\/\",\"url\":\"https:\/\/www.epen.gov.ar\/index.php\/dormitorio\/\",\"name\":\"EPEN - Dormitorio\",\"isPartOf\":{\"@id\":\"https:\/\/www.epen.gov.ar\/#website\"},\"primaryImageOfPage\":{\"@id\":\"https:\/\/www.epen.gov.ar\/index.php\/dormitorio\/#primaryimage\"},\"image\":{\"@id\":\"https:\/\/www.epen.gov.ar\/index.php\/dormitorio\/#primaryimage\"},\"thumbnailUrl\":\"https:\/\/www.argentina.gob.ar\/sites\/default\/files\/estufa_02.png\",\"datePublished\":\"2024-09-16T13:35:39+00:00\",\"breadcrumb\":{\"@id\":\"https:\/\/www.epen.gov.ar\/index.php\/dormitorio\/#breadcrumb\"},\"inLanguage\":\"es\",\"potentialAction\":[{\"@type\":\"ReadAction\",\"target\":[\"https:\/\/www.epen.gov.ar\/index.php\/dormitorio\/\"]}]},{\"@type\":\"ImageObject\",\"inLanguage\":\"es\",\"@id\":\"https:\/\/www.epen.gov.ar\/index.php\/dormitorio\/#primaryimage\",\"url\":\"https:\/\/www.argentina.gob.ar\/sites\/default\/files\/estufa_02.png\",\"contentUrl\":\"https:\/\/www.argentina.gob.ar\/sites\/default\/files\/estufa_02.png\"},{\"@type\":\"BreadcrumbList\",\"@id\":\"https:\/\/www.epen.gov.ar\/index.php\/dormitorio\/#breadcrumb\",\"itemListElement\":[{\"@type\":\"ListItem\",\"position\":1,\"name\":\"Inicio\",\"item\":\"https:\/\/www.epen.gov.ar\/\"},{\"@type\":\"ListItem\",\"position\":2,\"name\":\"Dormitorio\"}]},{\"@type\":\"WebSite\",\"@id\":\"https:\/\/www.epen.gov.ar\/#website\",\"url\":\"https:\/\/www.epen.gov.ar\/\",\"name\":\"EPEN\",\"description\":\"Ente Provincial de Energ\u00eda del Neuqu\u00e9n\",\"publisher\":{\"@id\":\"https:\/\/www.epen.gov.ar\/#organization\"},\"potentialAction\":[{\"@type\":\"SearchAction\",\"target\":{\"@type\":\"EntryPoint\",\"urlTemplate\":\"https:\/\/www.epen.gov.ar\/?s={search_term_string}\"},\"query-input\":{\"@type\":\"PropertyValueSpecification\",\"valueRequired\":true,\"valueName\":\"search_term_string\"}}],\"inLanguage\":\"es\"},{\"@type\":\"Organization\",\"@id\":\"https:\/\/www.epen.gov.ar\/#organization\",\"name\":\"Ente Provincial de Energ\u00eda del Neuqu\u00e9n\",\"url\":\"https:\/\/www.epen.gov.ar\/\",\"logo\":{\"@type\":\"ImageObject\",\"inLanguage\":\"es\",\"@id\":\"https:\/\/www.epen.gov.ar\/#\/schema\/logo\/image\/\",\"url\":\"https:\/\/www.epen.gov.ar\/wp-content\/uploads\/2024\/02\/Logo-EPEN-2.jpg\",\"contentUrl\":\"https:\/\/www.epen.gov.ar\/wp-content\/uploads\/2024\/02\/Logo-EPEN-2.jpg\",\"width\":696,\"height\":696,\"caption\":\"Ente Provincial de Energ\u00eda del Neuqu\u00e9n\"},\"image\":{\"@id\":\"https:\/\/www.epen.gov.ar\/#\/schema\/logo\/image\/\"},\"sameAs\":[\"https:\/\/www.facebook.com\/EPEN.Neuquen\",\"https:\/\/x.com\/EPEN_Informa\",\"https:\/\/www.youtube.com\/@epenprensa7384\"]}]}<\/script>\n<!-- \/ Yoast SEO plugin. -->","yoast_head_json":{"title":"EPEN - Dormitorio","robots":{"index":"index","follow":"follow","max-snippet":"max-snippet:-1","max-image-preview":"max-image-preview:large","max-video-preview":"max-video-preview:-1"},"canonical":"https:\/\/www.epen.gov.ar\/index.php\/dormitorio\/","og_locale":"es_ES","og_type":"article","og_title":"EPEN - Dormitorio","og_url":"https:\/\/www.epen.gov.ar\/index.php\/dormitorio\/","og_site_name":"EPEN","article_publisher":"https:\/\/www.facebook.com\/EPEN.Neuquen","og_image":[{"url":"https:\/\/www.argentina.gob.ar\/sites\/default\/files\/estufa_02.png","type":"","width":"","height":""}],"twitter_card":"summary_large_image","twitter_site":"@EPEN_Informa","twitter_misc":{"Tiempo de lectura":"10 minutos"},"schema":{"@context":"https:\/\/schema.org","@graph":[{"@type":"WebPage","@id":"https:\/\/www.epen.gov.ar\/index.php\/dormitorio\/","url":"https:\/\/www.epen.gov.ar\/index.php\/dormitorio\/","name":"EPEN - Dormitorio","isPartOf":{"@id":"https:\/\/www.epen.gov.ar\/#website"},"primaryImageOfPage":{"@id":"https:\/\/www.epen.gov.ar\/index.php\/dormitorio\/#primaryimage"},"image":{"@id":"https:\/\/www.epen.gov.ar\/index.php\/dormitorio\/#primaryimage"},"thumbnailUrl":"https:\/\/www.argentina.gob.ar\/sites\/default\/files\/estufa_02.png","datePublished":"2024-09-16T13:35:39+00:00","breadcrumb":{"@id":"https:\/\/www.epen.gov.ar\/index.php\/dormitorio\/#breadcrumb"},"inLanguage":"es","potentialAction":[{"@type":"ReadAction","target":["https:\/\/www.epen.gov.ar\/index.php\/dormitorio\/"]}]},{"@type":"ImageObject","inLanguage":"es","@id":"https:\/\/www.epen.gov.ar\/index.php\/dormitorio\/#primaryimage","url":"https:\/\/www.argentina.gob.ar\/sites\/default\/files\/estufa_02.png","contentUrl":"https:\/\/www.argentina.gob.ar\/sites\/default\/files\/estufa_02.png"},{"@type":"BreadcrumbList","@id":"https:\/\/www.epen.gov.ar\/index.php\/dormitorio\/#breadcrumb","itemListElement":[{"@type":"ListItem","position":1,"name":"Inicio","item":"https:\/\/www.epen.gov.ar\/"},{"@type":"ListItem","position":2,"name":"Dormitorio"}]},{"@type":"WebSite","@id":"https:\/\/www.epen.gov.ar\/#website","url":"https:\/\/www.epen.gov.ar\/","name":"EPEN","description":"Ente Provincial de Energ\u00eda del Neuqu\u00e9n","publisher":{"@id":"https:\/\/www.epen.gov.ar\/#organization"},"potentialAction":[{"@type":"SearchAction","target":{"@type":"EntryPoint","urlTemplate":"https:\/\/www.epen.gov.ar\/?s={search_term_string}"},"query-input":{"@type":"PropertyValueSpecification","valueRequired":true,"valueName":"search_term_string"}}],"inLanguage":"es"},{"@type":"Organization","@id":"https:\/\/www.epen.gov.ar\/#organization","name":"Ente Provincial de Energ\u00eda del Neuqu\u00e9n","url":"https:\/\/www.epen.gov.ar\/","logo":{"@type":"ImageObject","inLanguage":"es","@id":"https:\/\/www.epen.gov.ar\/#\/schema\/logo\/image\/","url":"https:\/\/www.epen.gov.ar\/wp-content\/uploads\/2024\/02\/Logo-EPEN-2.jpg","contentUrl":"https:\/\/www.epen.gov.ar\/wp-content\/uploads\/2024\/02\/Logo-EPEN-2.jpg","width":696,"height":696,"caption":"Ente Provincial de Energ\u00eda del Neuqu\u00e9n"},"image":{"@id":"https:\/\/www.epen.gov.ar\/#\/schema\/logo\/image\/"},"sameAs":["https:\/\/www.facebook.com\/EPEN.Neuquen","https:\/\/x.com\/EPEN_Informa","https:\/\/www.youtube.com\/@epenprensa7384"]}]}},"_links":{"self":[{"href":"https:\/\/www.epen.gov.ar\/index.php\/wp-json\/wp\/v2\/pages\/103216","targetHints":{"allow":["GET"]}}],"collection":[{"href":"https:\/\/www.epen.gov.ar\/index.php\/wp-json\/wp\/v2\/pages"}],"about":[{"href":"https:\/\/www.epen.gov.ar\/index.php\/wp-json\/wp\/v2\/types\/page"}],"author":[{"embeddable":true,"href":"https:\/\/www.epen.gov.ar\/index.php\/wp-json\/wp\/v2\/users\/1"}],"replies":[{"embeddable":true,"href":"https:\/\/www.epen.gov.ar\/index.php\/wp-json\/wp\/v2\/comments?post=103216"}],"version-history":[{"count":2,"href":"https:\/\/www.epen.gov.ar\/index.php\/wp-json\/wp\/v2\/pages\/103216\/revisions"}],"predecessor-version":[{"id":150616,"href":"https:\/\/www.epen.gov.ar\/index.php\/wp-json\/wp\/v2\/pages\/103216\/revisions\/150616"}],"wp:attachment":[{"href":"https:\/\/www.epen.gov.ar\/index.php\/wp-json\/wp\/v2\/media?parent=103216"}],"curies":[{"name":"wp","href":"https:\/\/api.w.org\/{rel}","templated":true}]}}